{"id":1615,"date":"2013-07-18T22:33:39","date_gmt":"2013-07-18T19:33:39","guid":{"rendered":"http:\/\/playnet.lt\/?page_id=1615"},"modified":"2014-05-14T00:42:37","modified_gmt":"2014-05-13T21:42:37","slug":"daznai-uzduodami-klausimai","status":"publish","type":"page","link":"https:\/\/www.playnet.lt\/en\/daznai-uzduodami-klausimai\/","title":{"rendered":"Da\u017enai u\u017eduodami klausimai"},"content":{"rendered":"<p><strong>K: U\u017esisakiau paslaug\u0105. Kada ji bus aktyvuota?<\/strong><br \/>\nA: U\u017esakius paslaug\u0105 reikia palaukti kol pasikeis mapas.<\/p>\n<p><strong>K: U\u017esisakiau paslaug\u0105 ir kit\u0105 dien\u0105 ji dingo. Kod\u0117l taip nutiko?<\/strong><br \/>\nA: Tikriausiai pasikeit\u0117 IP adresas. Tokiu atveju reikia susisiekti su administracija.<\/p>\n<p><strong>K: Gavau ban\u0105 su prie\u017eastimi: &#8220;ss \u012f forum\u0105&#8221;. K\u0105 tai rei\u0161kia?<\/strong><br \/>\nA: Toks banas skiriamas, kai \u017eaid\u017eiate \u012ftartinai ir tikrinama ar nenaudojamos tre\u010dios \u0161alies programos. Gavus tok\u012f ban\u0105 reikia vykdyti nuorodymus sura\u0161ytus nuorodoje: <a href=\"http:\/\/forum.playnet.lt\/topic\/4539-atbaninimo-formos-taisykles\/\" title=\"http:\/\/forum.playnet.lt\/topic\/4539-atbaninimo-formos-taisykles\/\">http:\/\/forum.playnet.lt\/topic\/4539-atbaninimo-formos-taisykles\/<\/a><\/p>\n<p><strong>K: Noriu gauti superadmin\u0105 j\u016bs\u0173 serveriuose. K\u0105 man reikia daryti?<\/strong><br \/>\nA: Reikia vykdyti nurodymus nurodytus temoje: <a href=\"http:\/\/forum.playnet.lt\/topic\/4553-super-admin-anketu-pildymo-taisykles\/\" title=\"http:\/\/forum.playnet.lt\/topic\/4553-super-admin-anketu-pildymo-taisykles\/\">http:\/\/forum.playnet.lt\/topic\/4553-super-admin-anketu-pildymo-taisykles\/<\/a><\/p>\n<p><strong>K: Manau, kad superadminas nusi\u017eeng\u0117 taisykl\u0117ms ir turiu \u012frodymus. Kaip j\u012f apsk\u0173sti?<\/strong><br \/>\nA: Reikia u\u017epildyti admino peikimo form\u0105 forume. Pavyzdys: <a href=\"http:\/\/forum.playnet.lt\/topic\/4537-administratoriu-papeikimopagyrimo-pildymo-forma\/\" title=\"http:\/\/forum.playnet.lt\/topic\/4537-administratoriu-papeikimopagyrimo-pildymo-forma\/\">http:\/\/forum.playnet.lt\/topic\/4537-administratoriu-papeikimopagyrimo-pildymo-forma\/<\/a><\/p>\n<p><strong>K: I\u0161siun\u010diau sms \u017einut\u0119 paslaugos u\u017esakymui, ta\u010diau negavau atsakymo. Kod\u0117l?<\/strong><br \/>\nA: Da\u017eniausiai b\u016bna nepakankamas s\u0105skaitos likutis arba netiksliai nurodytas paslaugos rakta\u017eodis. Negavus atgal atsakymo, nuo J\u016bs\u0173 s\u0105skaitos nebuvo nuimami pinigai.<\/p>\n<p><strong>K: Kada b\u016bna xp restartai gunxp serveriuose?<\/strong><br \/>\nA: XP restartai \u012fvyksta kas keturis m\u0117nesius (<em>gegu\u017e\u0117s<\/em>, <em>rugs\u0117jo<\/em>, <em>sausio<\/em> penkt\u0105j\u0105 dien\u0105)<\/p>\n","protected":false},"excerpt":{"rendered":"<p>K: U\u017esisakiau paslaug\u0105. Kada ji bus aktyvuota? A: U\u017esakius paslaug\u0105 reikia palaukti kol pasikeis mapas. K: U\u017esisakiau paslaug\u0105 ir kit\u0105 dien\u0105 ji dingo. Kod\u0117l taip nutiko? A: Tikriausiai pasikeit\u0117 IP&#8230;<a class=\"read-more\" href=\"https:\/\/www.playnet.lt\/en\/daznai-uzduodami-klausimai\/\">read more +<\/a><\/p>\n","protected":false},"author":567,"featured_media":0,"parent":0,"menu_order":0,"comment_status":"closed","ping_status":"open","template":"","meta":[],"_links":{"self":[{"href":"https:\/\/www.playnet.lt\/en\/wp-json\/wp\/v2\/pages\/1615"}],"collection":[{"href":"https:\/\/www.playnet.lt\/en\/wp-json\/wp\/v2\/pages"}],"about":[{"href":"https:\/\/www.playnet.lt\/en\/wp-json\/wp\/v2\/types\/page"}],"author":[{"embeddable":true,"href":"https:\/\/www.playnet.lt\/en\/wp-json\/wp\/v2\/users\/567"}],"replies":[{"embeddable":true,"href":"https:\/\/www.playnet.lt\/en\/wp-json\/wp\/v2\/comments?post=1615"}],"version-history":[{"count":15,"href":"https:\/\/www.playnet.lt\/en\/wp-json\/wp\/v2\/pages\/1615\/revisions"}],"predecessor-version":[{"id":1787,"href":"https:\/\/www.playnet.lt\/en\/wp-json\/wp\/v2\/pages\/1615\/revisions\/1787"}],"wp:attachment":[{"href":"https:\/\/www.playnet.lt\/en\/wp-json\/wp\/v2\/media?parent=1615"}],"curies":[{"name":"wp","href":"https:\/\/api.w.org\/{rel}","templated":true}]}}