{"id":1647,"date":"2013-10-06T13:47:06","date_gmt":"2013-10-06T10:47:06","guid":{"rendered":"http:\/\/playnet.lt\/?page_id=1647"},"modified":"2014-01-11T19:14:52","modified_gmt":"2014-01-11T17:14:52","slug":"taisykliu-pazeideju-baninimo-laikotarpiai","status":"publish","type":"page","link":"https:\/\/www.playnet.lt\/en\/taisykliu-pazeideju-baninimo-laikotarpiai\/","title":{"rendered":"Taisykli\u0173 pa\u017eeid\u0117j\u0173 baninimo laikotarpiai"},"content":{"rendered":"<p>\u017demiau sura\u0161yti baninimo laikotarpiai, kuriuos reikia taikyti baninant taisykli\u0173 pa\u017eeid\u0117jus.<\/p>\n<h3>Taisykli\u0173 pa\u017eeidimas ____ Bausm\u0117 arba bano laikas<\/h3>\n<blockquote><p>Cheat naudojimas (speed, wh, ..)\u00a0____ <strong><em>1 sav. &#8211; am\u017einai<\/em><\/strong><br \/>\nPatikrinimas d\u0117l suk\u010diavimo (pra\u0161ymas ss, demo)\u00a0____<strong> <em>1 sav. &#8211; am\u017einai<\/em><\/strong><br \/>\nChat ter\u0161imas (reklama, \u012f\u017eeidin\u0117jimai, &#8230;)\u00a0____ <strong><em>30min. &#8211; 4h<\/em><\/strong><br \/>\nGrasinimai, \u012f\u017eeidin\u0117jimai administratoriui\u00a0____ <strong>4 val. &#8211; 1 savait\u0117<\/strong><br \/>\nBug\u0173 naudojimas (map, \u017eaidimo, serverio, ..)\u00a0____ <strong><em>30 min. &#8211; 1 savait\u0117<\/em><\/strong><br \/>\nNick kopijavimas (jeigu atsisako pasikeisti nick\u0105)\u00a0____ <strong><em>1 val. &#8211; 1 para<\/em><\/strong><br \/>\nCampinimas (jeigu nereaguoja \u012f \u012fsp\u0117jimus)\u00a0____ <strong><em>5 min. &#8211; 4 val.<\/em><\/strong><br \/>\nTy\u010dinis hostage \u017eudymas\u00a0____ <strong><em>30 min. &#8211; 4 val.<\/em><\/strong><br \/>\nMapo\/serverio u\u017eduo\u010di\u0173 nevykdymas ____ <strong><em>\u012fsp\u0117jimas &#8211; slay &#8211; 10 min.<\/em><\/strong><\/p><\/blockquote>\n<p>(Redaguota 2013-12-05)<\/p>\n","protected":false},"excerpt":{"rendered":"<p>\u017demiau sura\u0161yti baninimo laikotarpiai, kuriuos reikia taikyti baninant taisykli\u0173 pa\u017eeid\u0117jus. Taisykli\u0173 pa\u017eeidimas ____ Bausm\u0117 arba bano laikas Cheat naudojimas (speed, wh, ..)\u00a0____ 1 sav. &#8211; am\u017einai Patikrinimas d\u0117l suk\u010diavimo (pra\u0161ymas&#8230;<a class=\"read-more\" href=\"https:\/\/www.playnet.lt\/en\/taisykliu-pazeideju-baninimo-laikotarpiai\/\">read more +<\/a><\/p>\n","protected":false},"author":567,"featured_media":0,"parent":0,"menu_order":0,"comment_status":"closed","ping_status":"closed","template":"","meta":[],"_links":{"self":[{"href":"https:\/\/www.playnet.lt\/en\/wp-json\/wp\/v2\/pages\/1647"}],"collection":[{"href":"https:\/\/www.playnet.lt\/en\/wp-json\/wp\/v2\/pages"}],"about":[{"href":"https:\/\/www.playnet.lt\/en\/wp-json\/wp\/v2\/types\/page"}],"author":[{"embeddable":true,"href":"https:\/\/www.playnet.lt\/en\/wp-json\/wp\/v2\/users\/567"}],"replies":[{"embeddable":true,"href":"https:\/\/www.playnet.lt\/en\/wp-json\/wp\/v2\/comments?post=1647"}],"version-history":[{"count":19,"href":"https:\/\/www.playnet.lt\/en\/wp-json\/wp\/v2\/pages\/1647\/revisions"}],"predecessor-version":[{"id":1770,"href":"https:\/\/www.playnet.lt\/en\/wp-json\/wp\/v2\/pages\/1647\/revisions\/1770"}],"wp:attachment":[{"href":"https:\/\/www.playnet.lt\/en\/wp-json\/wp\/v2\/media?parent=1647"}],"curies":[{"name":"wp","href":"https:\/\/api.w.org\/{rel}","templated":true}]}}