{"id":738,"date":"2011-04-16T19:03:07","date_gmt":"2011-04-16T16:03:07","guid":{"rendered":"http:\/\/playnet.lt\/?page_id=738"},"modified":"2013-08-22T17:25:26","modified_gmt":"2013-08-22T14:25:26","slug":"paslaugu-uzsakymas","status":"publish","type":"page","link":"https:\/\/www.playnet.lt\/en\/paslaugu-uzsakymas\/","title":{"rendered":"Vip U\u017esakymas | Buy"},"content":{"rendered":"<p><strong><span style=\"color: red;\">U\u017esakytos paslaugos galioja visuose m\u016bs\u0173 serveriuose!<\/span><\/strong><\/p>\n<p><iframe src=\"http:\/\/www.playnet.lt\/service\/order.php?p=vip\" frameborder=\"0\" WIDTH=600 HEIGHT=1000><\/iframe><\/p>\n","protected":false},"excerpt":{"rendered":"<p>U\u017esakytos paslaugos galioja visuose m\u016bs\u0173 serveriuose!<\/p>\n","protected":false},"author":1,"featured_media":0,"parent":0,"menu_order":0,"comment_status":"closed","ping_status":"closed","template":"","meta":[],"_links":{"self":[{"href":"https:\/\/www.playnet.lt\/en\/wp-json\/wp\/v2\/pages\/738"}],"collection":[{"href":"https:\/\/www.playnet.lt\/en\/wp-json\/wp\/v2\/pages"}],"about":[{"href":"https:\/\/www.playnet.lt\/en\/wp-json\/wp\/v2\/types\/page"}],"author":[{"embeddable":true,"href":"https:\/\/www.playnet.lt\/en\/wp-json\/wp\/v2\/users\/1"}],"replies":[{"embeddable":true,"href":"https:\/\/www.playnet.lt\/en\/wp-json\/wp\/v2\/comments?post=738"}],"version-history":[{"count":43,"href":"https:\/\/www.playnet.lt\/en\/wp-json\/wp\/v2\/pages\/738\/revisions"}],"predecessor-version":[{"id":1642,"href":"https:\/\/www.playnet.lt\/en\/wp-json\/wp\/v2\/pages\/738\/revisions\/1642"}],"wp:attachment":[{"href":"https:\/\/www.playnet.lt\/en\/wp-json\/wp\/v2\/media?parent=738"}],"curies":[{"name":"wp","href":"https:\/\/api.w.org\/{rel}","templated":true}]}}