{"id":781,"date":"2011-04-16T22:28:10","date_gmt":"2011-04-16T19:28:10","guid":{"rendered":"http:\/\/playnet.lt\/?page_id=781"},"modified":"2013-08-22T17:25:11","modified_gmt":"2013-08-22T14:25:11","slug":"admin-uzsakymasbuy","status":"publish","type":"page","link":"https:\/\/www.playnet.lt\/en\/admin-uzsakymasbuy\/","title":{"rendered":"Admin U\u017esakymas | Buy"},"content":{"rendered":"<p><strong><span style=\"color: red;\">U\u017esakytos paslaugos galioja visuose m\u016bs\u0173 serveriuose!<\/span><\/strong><\/p>\n<p><IFRAME SRC=\"http:\/\/www.playnet.lt\/service\/order.php?p=admin\" WIDTH=600 HEIGHT=1000 frameborder=\"0\"><\/iframe><\/p>\n","protected":false},"excerpt":{"rendered":"<p>U\u017esakytos paslaugos galioja visuose m\u016bs\u0173 serveriuose!<\/p>\n","protected":false},"author":1,"featured_media":0,"parent":0,"menu_order":0,"comment_status":"closed","ping_status":"closed","template":"","meta":[],"_links":{"self":[{"href":"https:\/\/www.playnet.lt\/en\/wp-json\/wp\/v2\/pages\/781"}],"collection":[{"href":"https:\/\/www.playnet.lt\/en\/wp-json\/wp\/v2\/pages"}],"about":[{"href":"https:\/\/www.playnet.lt\/en\/wp-json\/wp\/v2\/types\/page"}],"author":[{"embeddable":true,"href":"https:\/\/www.playnet.lt\/en\/wp-json\/wp\/v2\/users\/1"}],"replies":[{"embeddable":true,"href":"https:\/\/www.playnet.lt\/en\/wp-json\/wp\/v2\/comments?post=781"}],"version-history":[{"count":12,"href":"https:\/\/www.playnet.lt\/en\/wp-json\/wp\/v2\/pages\/781\/revisions"}],"predecessor-version":[{"id":1641,"href":"https:\/\/www.playnet.lt\/en\/wp-json\/wp\/v2\/pages\/781\/revisions\/1641"}],"wp:attachment":[{"href":"https:\/\/www.playnet.lt\/en\/wp-json\/wp\/v2\/media?parent=781"}],"curies":[{"name":"wp","href":"https:\/\/api.w.org\/{rel}","templated":true}]}}