{"id":795,"date":"2011-04-16T23:17:59","date_gmt":"2011-04-16T20:17:59","guid":{"rendered":"http:\/\/playnet.lt\/?page_id=795"},"modified":"2014-08-04T22:06:37","modified_gmt":"2014-08-04T19:06:37","slug":"zaideju-ir-adminu-taisykles","status":"publish","type":"page","link":"https:\/\/www.playnet.lt\/en\/zaideju-ir-adminu-taisykles\/","title":{"rendered":"Serveri\u0173 taisykl\u0117s"},"content":{"rendered":"<p>&nbsp;<\/p>\n<p><strong>D\u0117mesio!<\/strong> Nesilaikant taisykli\u0173 vien\u0105 ar daugiau kart\u0173 J\u016bs\u0173 privilegijos gali b\u016bti nuimtos be \u012fsp\u0117jimo.<\/p>\n<h3>Bendrosios taisykl\u0117s:<\/h3>\n<p>1. Draud\u017eiamos \u017eaidim\u0105 palengvinan\u010dios programos (cheat).<br \/>\n2. Draud\u017eiama \u012f\u017eeidin\u0117ti kitus \u017eaidejus, reklamuoti ar kitaip ter\u0161ti chat\u0105, taip pat trugdyti \u017eaid\u0117jams.<br \/>\n3. Draud\u017eiama naudotis \u017eaidimo klaidomis (bugais), \u017eem\u0117lapio klaidomis, lipti u\u017e jo rib\u0173.<br \/>\n4. Neleistina naudoti 16-bit spalv\u0173 kokyb\u0117s.<br \/>\n5. Neleistina naudoti vienspalvi\u0173 \u017eaidej\u0173 skin\u0173.<br \/>\n6. Jeigu gavote ban\u0105 su prie\u017eastimi \u201ess* \/ demo i forum\u0105\u201c, turite forume sukurti apeliacin\u0119 tem\u0105 ir \u012fkelti failus, kurie nurodyti prie\u017eastyje..<br \/>\n7. Peili\u0173 mapuose b\u016btina palikti tarpus prie\u0161 prie\u0161ais esanti savo komandos nar\u012f.<br \/>\n8. Draud\u017eiama redaguoti ar kitaip klastoti \u012frodymus (demo, ss). Tokie \u012frodymai laikomi niekiniais.<br \/>\n9. Privaloma vykdyti serveri\u0173\/\u017eem\u0117lapi\u0173 u\u017eduotis: pad\u0117ti\/minuoti C4, vesti\/saugoti \u012fkaitus, u\u017ekr\u0117sti \u017emones (zombie serveriuose) ir t.t<\/p>\n<h3>Admin\u0173 taisykl\u0117s:<\/h3>\n<p>1. Laikytis bendr\u0173j\u0173 ir papildom\u0173 taisykli\u0173.<br \/>\n2. Bano prie\u017eastis turi b\u016bti tiksli, ai\u0161ki.<br \/>\n3. Baninti tik tokiam laikotarpiui, kuris nurodytas \u201e<a title=\"Taisykli\u0173 pa\u017eeid\u0117j\u0173 baninimo laikotarpiai\" href=\"http:\/\/playnet.lt\/taisykliu-pazeideju-baninimo-laikotarpiai\/\">Taisykli\u0173 pa\u017eeid\u0117j\u0173 baninimo laikotarpiai<\/a>\u201c.<br \/>\n4. Draud\u017eiama piktnaud\u017eiauti privilegijomis.<br \/>\n5. Draud\u017eiama baninti, kickinti, slayinti \u017eaidejus be prie\u017easties.<br \/>\n6. Administratori\u0173 chat\u0105 naudoti tik esant b\u016btinybei.<br \/>\n7. At\u0117jus \u012f server\u012f pagrindinis prioritetas turi b\u016bti pri\u017ei\u016br\u0117ti serverio tvark\u0105.<br \/>\n8. Prie\u0161 baninant, pirmiausia, reikia spectatinti \u017eaidej\u0105.<br \/>\n9. Prie\u0161 banindami \u017eaid\u0117j\u0105 d\u0117l wh, padarykite jam kelis ss*.<\/p>\n<h3>Papildomos taisykl\u0117s:<\/h3>\n<p>Zombie serveriams:<br \/>\n(Bendrosios)<br \/>\n1. Negalima \u0161audyti ir b\u016bti kitiems neprieinamoje vietoje (u\u017e mapo rib\u0173 ir pan).<br \/>\n2. Negalima daryti reconnect esant pirmuoju zombiu.<br \/>\n3. Negalima naudoti lazerini\u0173 min\u0173 ir zombie madness per mod\u0105.<br \/>\n4. Negalima lazerini\u0173 min\u0173 statyti ore.<\/p>\n<p>(Administratori\u0173)<br \/>\n1. Draud\u017eiama per speciali\u0173 re\u017eim\u0105 prikelti, atversti \u012f \u017emog\u0173.<br \/>\n2. Draud\u017eiama versti save \u012f i\u0161gyventoj\u0105\/ker\u0161ytoj\u0105\/snaiper\u012f ar skerdik\u0105.<\/p>\n<p>*ss \u2013 screen shot, t.y. \u017eaidimo nuotrauka, padaryta jusu \u017eaidimo metu. Da\u017eniausiai yra halflifeXX.tga pavadinimu.<\/p>\n","protected":false},"excerpt":{"rendered":"<p>&nbsp; D\u0117mesio! Nesilaikant taisykli\u0173 vien\u0105 ar daugiau kart\u0173 J\u016bs\u0173 privilegijos gali b\u016bti nuimtos be \u012fsp\u0117jimo. Bendrosios taisykl\u0117s: 1. Draud\u017eiamos \u017eaidim\u0105 palengvinan\u010dios programos (cheat). 2. Draud\u017eiama \u012f\u017eeidin\u0117ti kitus \u017eaidejus, reklamuoti ar&#8230;<a class=\"read-more\" href=\"https:\/\/www.playnet.lt\/en\/zaideju-ir-adminu-taisykles\/\">read more +<\/a><\/p>\n","protected":false},"author":567,"featured_media":0,"parent":0,"menu_order":0,"comment_status":"closed","ping_status":"closed","template":"","meta":[],"_links":{"self":[{"href":"https:\/\/www.playnet.lt\/en\/wp-json\/wp\/v2\/pages\/795"}],"collection":[{"href":"https:\/\/www.playnet.lt\/en\/wp-json\/wp\/v2\/pages"}],"about":[{"href":"https:\/\/www.playnet.lt\/en\/wp-json\/wp\/v2\/types\/page"}],"author":[{"embeddable":true,"href":"https:\/\/www.playnet.lt\/en\/wp-json\/wp\/v2\/users\/567"}],"replies":[{"embeddable":true,"href":"https:\/\/www.playnet.lt\/en\/wp-json\/wp\/v2\/comments?post=795"}],"version-history":[{"count":19,"href":"https:\/\/www.playnet.lt\/en\/wp-json\/wp\/v2\/pages\/795\/revisions"}],"predecessor-version":[{"id":1795,"href":"https:\/\/www.playnet.lt\/en\/wp-json\/wp\/v2\/pages\/795\/revisions\/1795"}],"wp:attachment":[{"href":"https:\/\/www.playnet.lt\/en\/wp-json\/wp\/v2\/media?parent=795"}],"curies":[{"name":"wp","href":"https:\/\/api.w.org\/{rel}","templated":true}]}}